{"id":586,"date":"2021-07-24T19:59:38","date_gmt":"2021-07-24T17:59:38","guid":{"rendered":"http:\/\/boostyourenglish.eu\/?page_id=586"},"modified":"2026-03-07T17:22:33","modified_gmt":"2026-03-07T16:22:33","slug":"ucz-sie-ze-mna","status":"publish","type":"page","link":"https:\/\/kingaenglishstudio.pl\/index.php\/colibri-wp\/ucz-sie-ze-mna\/","title":{"rendered":"Ucz si\u0119 ze mn\u0105"},"content":{"rendered":"<div data-colibri-id=\"586-c1\" class=\"style-465 style-local-586-c1 position-relative\">\r\n  <!---->\r\n  <div data-colibri-component=\"section\" data-colibri-id=\"586-c2\" id=\"features\" class=\"h-section h-section-global-spacing d-flex align-items-lg-center align-items-md-center align-items-center style-466 style-local-586-c2 position-relative\">\r\n    <!---->\r\n    <!---->\r\n    <div class=\"h-section-grid-container h-section-boxed-container\">\r\n      <!---->\r\n      <div data-colibri-id=\"586-c3\" class=\"h-row-container gutters-row-lg-2 gutters-row-md-2 gutters-row-2 gutters-row-v-lg-2 gutters-row-v-md-2 gutters-row-v-2 style-467 style-local-586-c3 position-relative\">\r\n        <!---->\r\n        <div class=\"h-row justify-content-lg-center justify-content-md-center justify-content-center align-items-lg-stretch align-items-md-stretch align-items-stretch gutters-col-lg-2 gutters-col-md-2 gutters-col-2 gutters-col-v-lg-2 gutters-col-v-md-2 gutters-col-v-2\">\r\n          <!---->\r\n          <div class=\"h-column h-column-container d-flex h-col-lg-3 h-col-md-6 h-col-12 style-480-outer style-local-586-c22-outer\">\r\n            <div data-colibri-id=\"586-c22\" class=\"d-flex h-flex-basis h-column__inner h-px-lg-2 h-px-md-2 h-px-2 v-inner-lg-2 v-inner-md-2 v-inner-2 style-480 style-local-586-c22 position-relative\">\r\n              <!---->\r\n              <!---->\r\n              <div class=\"w-100 h-y-container h-column__content h-column__v-align flex-basis-100 align-self-lg-start align-self-md-start align-self-start\">\r\n                <!---->\r\n                <div data-colibri-id=\"586-c23\" class=\"d-block style-485 style-local-586-c23 position-relative h-element\">\r\n                  <!---->\r\n                  <div class=\"h-image__frame-container-outer\">\r\n                    <div class=\"h-image__frame-container\">\r\n                      <!---->\r\n                      <!---->\r\n                      <img loading=\"lazy\" decoding=\"async\" width=\"1920\" height=\"1280\" src=\"https:\/\/kingaenglishstudio.pl\/wp-content\/uploads\/2020\/11\/colibri-image-31.png\" class=\"wp-image-195 style-485-image style-local-586-c23-image\" alt=\"\" srcset=\"https:\/\/kingaenglishstudio.pl\/wp-content\/uploads\/2020\/11\/colibri-image-31.png 1920w, https:\/\/kingaenglishstudio.pl\/wp-content\/uploads\/2020\/11\/colibri-image-31-300x200.png 300w, https:\/\/kingaenglishstudio.pl\/wp-content\/uploads\/2020\/11\/colibri-image-31-1024x683.png 1024w, https:\/\/kingaenglishstudio.pl\/wp-content\/uploads\/2020\/11\/colibri-image-31-768x512.png 768w, https:\/\/kingaenglishstudio.pl\/wp-content\/uploads\/2020\/11\/colibri-image-31-1536x1024.png 1536w\" sizes=\"auto, (max-width: 1920px) 100vw, 1920px\" \/>\r\n                      <div class=\"h-image__frame h-hide-lg h-hide-md h-hide-sm style-485-frameImage style-local-586-c23-frameImage\"><\/div>\r\n                    <\/div>\r\n                  <\/div>\r\n                <\/div>\r\n                <div data-colibri-id=\"586-c24\" class=\"h-global-transition-all h-heading style-495 style-local-586-c24 position-relative h-element\">\r\n                  <!---->\r\n                  <div class=\"h-heading__outer style-495 style-local-586-c24\">\r\n                    <!---->\r\n                    <!---->\r\n                    <h1 class=\"\">Cennik zaj\u0119\u0107<\/h1>\r\n                  <\/div>\r\n                <\/div>\r\n                <div data-colibri-id=\"586-c27\" class=\"h-global-transition-all h-heading style-553 style-local-586-c27 position-relative h-element\">\r\n                  <!---->\r\n                  <div class=\"h-heading__outer style-553 style-local-586-c27\">\r\n                    <!---->\r\n                    <!---->\r\n                    <h1 class=\"\">Zaj\u0119cia indywidualne<\/h1>\r\n                  <\/div>\r\n                <\/div>\r\n                <div data-colibri-id=\"586-c25\" class=\"h-text h-text-component style-496 style-local-586-c25 position-relative h-element\">\r\n                  <!---->\r\n                  <!---->\r\n                  <div class=\"\">\r\n                    <p><strong>Lekcja 45 minut<\/strong> \u2013 120 z\u0142\r\n                      <br><strong>Lekcja 60 minut<\/strong> \u2013 150 z\u0142<\/p>\r\n                  <\/div>\r\n                <\/div>\r\n                <div data-colibri-id=\"586-c35\" class=\"h-global-transition-all h-heading style-560 style-local-586-c35 position-relative h-element\">\r\n                  <!---->\r\n                  <div class=\"h-heading__outer style-560 style-local-586-c35\">\r\n                    <!---->\r\n                    <!---->\r\n                    <h1 class=\"\">Pakiety miesi\u0119czne<\/h1>\r\n                  <\/div>\r\n                <\/div>\r\n                <div data-colibri-id=\"586-c39\" class=\"h-global-transition-all h-heading style-564 style-local-586-c39 position-relative h-element\">\r\n                  <!---->\r\n                  <div class=\"h-heading__outer style-564 style-local-586-c39\">\r\n                    <!---->\r\n                    <!---->\r\n                    <h1 class=\"\">Pakiet 45 minut<\/h1>\r\n                  <\/div>\r\n                <\/div>\r\n                <div data-colibri-id=\"586-c43\" class=\"h-text h-text-component style-568 style-local-586-c43 position-relative h-element\">\r\n                  <!---->\r\n                  <!---->\r\n                  <div class=\"\">\r\n                    <p>4 \u00d7 45 minut w miesi\u0105cu\r\n                      <br><strong>480 z\u0142 \/ miesi\u0105c<\/strong><\/p>\r\n                  <\/div>\r\n                <\/div>\r\n                <div data-colibri-id=\"586-c44\" class=\"h-global-transition-all h-heading style-569 style-local-586-c44 position-relative h-element\">\r\n                  <!---->\r\n                  <div class=\"h-heading__outer style-569 style-local-586-c44\">\r\n                    <!---->\r\n                    <!---->\r\n                    <h1 class=\"\">Pakiet 60 minut<\/h1>\r\n                  <\/div>\r\n                <\/div>\r\n                <div data-colibri-id=\"586-c48\" class=\"h-text h-text-component style-573 style-local-586-c48 position-relative h-element\">\r\n                  <!---->\r\n                  <!---->\r\n                  <div class=\"\">\r\n                    <p>4 \u00d7 60 minut w miesi\u0105cu\r\n                      <br><strong>600 z\u0142 \/ miesi\u0105c<\/strong><\/p>\r\n                  <\/div>\r\n                <\/div>\r\n              <\/div>\r\n            <\/div>\r\n          <\/div>\r\n          <div class=\"h-column h-column-container d-flex h-col-lg-3 h-col-md-6 h-col-12 style-468-outer style-local-586-c16-outer\">\r\n            <div data-colibri-id=\"586-c16\" class=\"d-flex h-flex-basis h-column__inner h-px-lg-0 h-px-md-0 h-px-0 v-inner-lg-0 v-inner-md-0 v-inner-0 style-468 style-local-586-c16 position-relative\">\r\n              <!---->\r\n              <!---->\r\n              <div class=\"w-100 h-y-container h-column__content h-column__v-align flex-basis-100 align-self-lg-start align-self-md-start align-self-start\">\r\n                <!---->\r\n                <div data-colibri-id=\"586-c17\" class=\"d-block style-469 style-local-586-c17 position-relative h-element\">\r\n                  <!---->\r\n                  <div class=\"h-image__frame-container-outer\">\r\n                    <div class=\"h-image__frame-container\">\r\n                      <!---->\r\n                      <!---->\r\n                      <img decoding=\"async\" src=\"https:\/\/kingaenglishstudio.pl\/wp-content\/uploads\/2021\/07\/colibri-image-32.png\" class=\"wp-image-827 style-469-image style-local-586-c17-image\" alt=\"\" \/>\r\n                      <div class=\"h-image__frame h-hide-lg h-hide-md h-hide-sm style-469-frameImage style-local-586-c17-frameImage\"><\/div>\r\n                    <\/div>\r\n                  <\/div>\r\n                <\/div>\r\n                <div data-colibri-id=\"586-c18\" class=\"h-row-container gutters-row-lg-0 gutters-row-md-0 gutters-row-2 gutters-row-v-lg-0 gutters-row-v-md-0 gutters-row-v-2 style-470 style-local-586-c18 position-relative\">\r\n                  <!---->\r\n                  <div class=\"h-row justify-content-lg-center justify-content-md-center justify-content-center align-items-lg-stretch align-items-md-stretch align-items-stretch gutters-col-lg-0 gutters-col-md-0 gutters-col-2 gutters-col-v-lg-0 gutters-col-v-md-0 gutters-col-v-2\">\r\n                    <!---->\r\n                    <div class=\"h-column h-column-container d-flex h-col-lg-auto h-col-md-auto h-col-auto style-471-outer style-local-586-c19-outer\">\r\n                      <div data-colibri-id=\"586-c19\" class=\"d-flex h-flex-basis h-column__inner h-px-lg-2 h-px-md-3 h-px-2 v-inner-lg-2 v-inner-md-3 v-inner-2 style-471 style-local-586-c19 position-relative\">\r\n                        <!---->\r\n                        <!---->\r\n                        <div class=\"w-100 h-y-container h-column__content h-column__v-align flex-basis-100 align-self-lg-start align-self-md-start align-self-start\">\r\n                          <!---->\r\n                          <div data-colibri-id=\"586-c20\" class=\"h-global-transition-all h-heading style-472 style-local-586-c20 position-relative h-element\">\r\n                            <!---->\r\n                            <div class=\"h-heading__outer style-472 style-local-586-c20\">\r\n                              <!---->\r\n                              <!---->\r\n                              <h1 class=\"\">Jednorazowa konsultacja j\u0119zykowa \u2013 150 z\u0142 \/ 60 min<\/h1>\r\n                            <\/div>\r\n                          <\/div>\r\n                          <div data-colibri-id=\"586-c21\" class=\"h-text h-text-component style-473 style-local-586-c21 position-relative h-element\">\r\n                            <!---->\r\n                            <!---->\r\n                            <div class=\"\">\r\n                              <p>Nie jeste\u015b pewien\/pewna, czy chcesz od razu wykupi\u0107 pakiet zaj\u0119\u0107? Skorzystaj z <strong>jednorazowej konsultacji j\u0119zykowej<\/strong>, kt\u00f3ra pozwoli Ci sprawdzi\u0107 poziom umiej\u0119tno\u015bci i dowiedzie\u0107 si\u0119, jak najlepiej rozpocz\u0105\u0107\r\n                                nauk\u0119.<\/p>\r\n                              <p>Podczas konsultacji otrzymasz:<\/p>\r\n                              <ul>\r\n                                <li><strong>Ocen\u0119 umiej\u0119tno\u015bci j\u0119zykowych<\/strong> \u2013 m\u00f3wienia oraz rozumienia ze s\u0142uchu.<\/li>\r\n                                <li><strong>Om\u00f3wienie b\u0142\u0119d\u00f3w<\/strong>, kt\u00f3re utrudniaj\u0105 nauk\u0119 i komunikacj\u0119.<\/li>\r\n                                <li><strong>Wsparcie w wyznaczeniu cel\u00f3w j\u0119zykowych<\/strong> i prezentacj\u0119 skutecznych sposob\u00f3w ich osi\u0105gni\u0119cia.<\/li>\r\n                                <li><strong>Pomoc w doborze materia\u0142\u00f3w<\/strong> dopasowanych do Twoich potrzeb, kt\u00f3re u\u0142atwi\u0105 systematyczn\u0105 nauk\u0119.<\/li>\r\n                              <\/ul>\r\n                              <p>To idealny spos\u00f3b, aby pozna\u0107 swoje mo\u017cliwo\u015bci, zyska\u0107 pewno\u015b\u0107 i zaplanowa\u0107 efektywn\u0105 nauk\u0119 j\u0119zyka angielskiego.<\/p>\r\n                              <p>\r\n                                <br>\r\n                              <\/p>\r\n                            <\/div>\r\n                          <\/div>\r\n                        <\/div>\r\n                      <\/div>\r\n                    <\/div>\r\n                  <\/div>\r\n                <\/div>\r\n              <\/div>\r\n            <\/div>\r\n          <\/div>\r\n          <div class=\"h-column h-column-container d-flex h-col-lg-3 h-col-md-6 h-col-12 style-468-outer style-local-586-c10-outer\">\r\n            <div data-colibri-id=\"586-c10\" class=\"d-flex h-flex-basis h-column__inner h-px-lg-0 h-px-md-0 h-px-0 v-inner-lg-0 v-inner-md-0 v-inner-0 style-468 style-local-586-c10 position-relative\">\r\n              <!---->\r\n              <!---->\r\n              <div class=\"w-100 h-y-container h-column__content h-column__v-align flex-basis-100 align-self-lg-start align-self-md-start align-self-start\">\r\n                <!---->\r\n                <div data-colibri-id=\"586-c11\" class=\"d-block style-469 style-local-586-c11 position-relative h-element\">\r\n                  <!---->\r\n                  <div class=\"h-image__frame-container-outer\">\r\n                    <div class=\"h-image__frame-container\">\r\n                      <!---->\r\n                      <!---->\r\n                      <img decoding=\"async\" src=\"https:\/\/kingaenglishstudio.pl\/wp-content\/uploads\/2021\/07\/colibri-image-34.png\" class=\"wp-image-810 style-469-image style-local-586-c11-image\" alt=\"\" \/>\r\n                      <div class=\"h-image__frame h-hide-lg h-hide-md h-hide-sm style-469-frameImage style-local-586-c11-frameImage\"><\/div>\r\n                    <\/div>\r\n                  <\/div>\r\n                <\/div>\r\n                <div data-colibri-id=\"586-c12\" class=\"h-row-container gutters-row-lg-0 gutters-row-md-0 gutters-row-2 gutters-row-v-lg-0 gutters-row-v-md-0 gutters-row-v-2 style-470 style-local-586-c12 position-relative\">\r\n                  <!---->\r\n                  <div class=\"h-row justify-content-lg-center justify-content-md-center justify-content-center align-items-lg-stretch align-items-md-stretch align-items-stretch gutters-col-lg-0 gutters-col-md-0 gutters-col-2 gutters-col-v-lg-0 gutters-col-v-md-0 gutters-col-v-2\">\r\n                    <!---->\r\n                    <div class=\"h-column h-column-container d-flex h-col-lg-auto h-col-md-auto h-col-auto style-471-outer style-local-586-c13-outer\">\r\n                      <div data-colibri-id=\"586-c13\" class=\"d-flex h-flex-basis h-column__inner h-px-lg-2 h-px-md-3 h-px-2 v-inner-lg-2 v-inner-md-3 v-inner-2 style-471 style-local-586-c13 position-relative\">\r\n                        <!---->\r\n                        <!---->\r\n                        <div class=\"w-100 h-y-container h-column__content h-column__v-align flex-basis-100 align-self-lg-start align-self-md-start align-self-start\">\r\n                          <!---->\r\n                          <div data-colibri-id=\"586-c14\" class=\"h-global-transition-all h-heading style-472 style-local-586-c14 position-relative h-element\">\r\n                            <!---->\r\n                            <div class=\"h-heading__outer style-472 style-local-586-c14\">\r\n                              <!---->\r\n                              <!---->\r\n                              <h1 class=\"\">Prze\u0142am barier\u0119 j\u0119zykow\u0105 i zacznij m\u00f3wi\u0107 po angielsku<\/h1>\r\n                            <\/div>\r\n                          <\/div>\r\n                          <div data-colibri-id=\"586-c15\" class=\"h-text h-text-component style-473 style-local-586-c15 position-relative h-element\">\r\n                            <!---->\r\n                            <!---->\r\n                            <div class=\"\">\r\n                              <p>Ka\u017cde zaj\u0119cia rozpoczynamy od ustalenia Twojego <strong>SMART GOAL<\/strong> \u2013 indywidualnego celu dopasowanego do Twoich potrzeb. Chcesz swobodnie rozmawia\u0107, poszerzy\u0107 s\u0142ownictwo, czy pisa\u0107 profesjonalne e-maile? Wszystko\r\n                                planujemy tak, aby by\u0142o <strong>praktyczne i anga\u017cuj\u0105ce<\/strong>.<\/p>\r\n                              <p>Pracujemy na <strong>autentycznych materia\u0142ach<\/strong> \u2013 filmach z YouTube, artyku\u0142ach, podcastach i aktualnych wiadomo\u015bciach. Dzi\u0119ki temu uczysz si\u0119 j\u0119zyka, kt\u00f3ry naprawd\u0119 jest u\u017cywany w \u017cyciu codziennym i w pracy.<\/p>\r\n                              <p>Podczas lekcji stawiam na <strong>praktyczne m\u00f3wienie i prze\u0142amywanie bariery j\u0119zykowej<\/strong>. Notuj\u0119 s\u0142owa i zwroty, kt\u00f3re wymagaj\u0105 powt\u00f3rki, a raz w miesi\u0105cu utrwalamy materia\u0142 z kilku ostatnich zaj\u0119\u0107.<\/p>\r\n                              <p>Po lekcji otrzymujesz <strong>prac\u0119 domow\u0105<\/strong>, kt\u00f3ra utrzymuje kontakt z j\u0119zykiem mi\u0119dzy zaj\u0119ciami \u2013 np. film, artyku\u0142 czy \u0107wiczenie. Systematyczno\u015b\u0107 i codzienny kontakt z angielskim to klucz do szybkich efekt\u00f3w.<\/p>\r\n                              <p>Ka\u017cde zaj\u0119cia prowadzone s\u0105 z pe\u0142nym zaanga\u017cowaniem \u2013 tak samo oczekuj\u0119 zaanga\u017cowania od Ciebie. Dzi\u0119ki temu <strong>krok po kroku zyskujesz pewno\u015b\u0107 siebie i swobod\u0119 w komunikacji po angielsku.<\/strong><\/p>\r\n                            <\/div>\r\n                          <\/div>\r\n                        <\/div>\r\n                      <\/div>\r\n                    <\/div>\r\n                  <\/div>\r\n                <\/div>\r\n              <\/div>\r\n            <\/div>\r\n          <\/div>\r\n          <div class=\"h-column h-column-container d-flex h-col-lg-3 h-col-md-6 h-col-12 style-468-outer style-local-586-c4-outer\">\r\n            <div data-colibri-id=\"586-c4\" class=\"d-flex h-flex-basis h-column__inner h-px-lg-0 h-px-md-0 h-px-0 v-inner-lg-0 v-inner-md-0 v-inner-0 style-468 style-local-586-c4 position-relative\">\r\n              <!---->\r\n              <!---->\r\n              <div class=\"w-100 h-y-container h-column__content h-column__v-align flex-basis-100 align-self-lg-start align-self-md-start align-self-start\">\r\n                <!---->\r\n                <div data-colibri-id=\"586-c5\" class=\"d-block style-469 style-local-586-c5 position-relative h-element\">\r\n                  <!---->\r\n                  <div class=\"h-image__frame-container-outer\">\r\n                    <div class=\"h-image__frame-container\">\r\n                      <!---->\r\n                      <!---->\r\n                      <img decoding=\"async\" src=\"https:\/\/kingaenglishstudio.pl\/wp-content\/uploads\/2021\/07\/colibri-image-33.png\" class=\"wp-image-829 style-469-image style-local-586-c5-image\" alt=\"\" \/>\r\n                      <div class=\"h-image__frame h-hide-lg h-hide-md h-hide-sm style-469-frameImage style-local-586-c5-frameImage\"><\/div>\r\n                    <\/div>\r\n                  <\/div>\r\n                <\/div>\r\n                <div data-colibri-id=\"586-c6\" class=\"h-row-container gutters-row-lg-0 gutters-row-md-0 gutters-row-2 gutters-row-v-lg-0 gutters-row-v-md-0 gutters-row-v-2 style-470 style-local-586-c6 position-relative\">\r\n                  <!---->\r\n                  <div class=\"h-row justify-content-lg-center justify-content-md-center justify-content-center align-items-lg-stretch align-items-md-stretch align-items-stretch gutters-col-lg-0 gutters-col-md-0 gutters-col-2 gutters-col-v-lg-0 gutters-col-v-md-0 gutters-col-v-2\">\r\n                    <!---->\r\n                    <div class=\"h-column h-column-container d-flex h-col-lg-auto h-col-md-auto h-col-auto style-471-outer style-local-586-c7-outer\">\r\n                      <div data-colibri-id=\"586-c7\" class=\"d-flex h-flex-basis h-column__inner h-px-lg-2 h-px-md-3 h-px-2 v-inner-lg-2 v-inner-md-3 v-inner-2 style-471 style-local-586-c7 position-relative\">\r\n                        <!---->\r\n                        <!---->\r\n                        <div class=\"w-100 h-y-container h-column__content h-column__v-align flex-basis-100 align-self-lg-start align-self-md-start align-self-start\">\r\n                          <!---->\r\n                          <div data-colibri-id=\"586-c8\" class=\"h-global-transition-all h-heading style-472 style-local-586-c8 position-relative h-element\">\r\n                            <!---->\r\n                            <div class=\"h-heading__outer style-472 style-local-586-c8\">\r\n                              <!---->\r\n                              <!---->\r\n                              <h1 class=\"\">Sukces w szkole i na egzaminach<\/h1>\r\n                            <\/div>\r\n                          <\/div>\r\n                          <div data-colibri-id=\"586-c9\" class=\"h-text h-text-component style-473 style-local-586-c9 position-relative h-element\">\r\n                            <!---->\r\n                            <!---->\r\n                            <div class=\"\">\r\n                              <p>Twoje dziecko mo\u017ce osi\u0105ga\u0107 lepsze wyniki w szkole i pewnie przygotowa\u0107 si\u0119 do najwa\u017cniejszych egzamin\u00f3w \u2013 od sprawdzian\u00f3w po egzamin \u00f3smoklasisty i matur\u0119. Prowadz\u0119 zaj\u0119cia <strong>indywidualne oraz w parach<\/strong>, kt\u00f3re\r\n                                s\u0105 w pe\u0142ni dopasowane do poziomu, tempa nauki i potrzeb ucznia.<\/p>\r\n                              <p>Podczas lekcji wspieram uczni\u00f3w w zrozumieniu trudnych zagadnie\u0144, utrwalaniu materia\u0142u i rozwijaniu umiej\u0119tno\u015bci praktycznych \u2013 od czytania i pisania po swobodn\u0105 komunikacj\u0119. Dzi\u0119ki pracy na ciekawych materia\u0142ach i autentycznych\r\n                                \u017ar\u00f3d\u0142ach wiedzy nauka staje si\u0119 przyjemna, anga\u017cuj\u0105ca i skuteczna.<\/p>\r\n                              <p>Moim celem jest nie tylko poprawa ocen, ale <strong>budowanie pewno\u015bci siebie i systematyczne osi\u0105ganie post\u0119p\u00f3w<\/strong>, kt\u00f3re wida\u0107 ju\u017c po kilku zaj\u0119ciach.<\/p>\r\n                              <p>\r\n                                <br>\r\n                              <\/p>\r\n                            <\/div>\r\n                          <\/div>\r\n                        <\/div>\r\n                      <\/div>\r\n                    <\/div>\r\n                  <\/div>\r\n                <\/div>\r\n              <\/div>\r\n            <\/div>\r\n          <\/div>\r\n          <div class=\"h-column h-column-container d-flex h-col-lg-3 h-col-md-6 h-col-12 style-482-outer style-local-586-c26-outer\">\r\n            <div data-colibri-id=\"586-c26\" class=\"d-flex h-flex-basis h-column__inner h-ui-empty-state-container h-px-lg-2 h-px-md-2 h-px-2 v-inner-lg-2 v-inner-md-2 v-inner-2 style-482 style-local-586-c26 position-relative\">\r\n              <!---->\r\n              <!---->\r\n              <div class=\"w-100 h-y-container h-column__content h-column__v-align flex-basis-100\">\r\n                <!---->\r\n              <\/div>\r\n            <\/div>\r\n          <\/div>\r\n        <\/div>\r\n      <\/div>\r\n    <\/div>\r\n  <\/div>\r\n<\/div>","protected":false},"excerpt":{"rendered":"<p>Cennik zaj\u0119\u0107 Zaj\u0119cia indywidualne Lekcja 45 minut \u2013 120 z\u0142 Lekcja 60 minut \u2013 150 z\u0142 Pakiety miesi\u0119czne Pakiet 45 minut 4 \u00d7 45 minut w miesi\u0105cu 480 z\u0142 \/ miesi\u0105c Pakiet 60 minut 4 \u00d7 60 minut w miesi\u0105cu 600 z\u0142 \/ miesi\u0105c Jednorazowa konsultacja j\u0119zykowa \u2013 150 z\u0142 \/ 60 min Nie jeste\u015b [&hellip;]<\/p>\n","protected":false},"author":1,"featured_media":0,"parent":66,"menu_order":2,"comment_status":"closed","ping_status":"closed","template":"page-templates\/homepage.php","meta":{"footnotes":""},"class_list":["post-586","page","type-page","status-publish","hentry"],"_links":{"self":[{"href":"https:\/\/kingaenglishstudio.pl\/index.php\/wp-json\/wp\/v2\/pages\/586","targetHints":{"allow":["GET"]}}],"collection":[{"href":"https:\/\/kingaenglishstudio.pl\/index.php\/wp-json\/wp\/v2\/pages"}],"about":[{"href":"https:\/\/kingaenglishstudio.pl\/index.php\/wp-json\/wp\/v2\/types\/page"}],"author":[{"embeddable":true,"href":"https:\/\/kingaenglishstudio.pl\/index.php\/wp-json\/wp\/v2\/users\/1"}],"replies":[{"embeddable":true,"href":"https:\/\/kingaenglishstudio.pl\/index.php\/wp-json\/wp\/v2\/comments?post=586"}],"version-history":[{"count":20,"href":"https:\/\/kingaenglishstudio.pl\/index.php\/wp-json\/wp\/v2\/pages\/586\/revisions"}],"predecessor-version":[{"id":1308,"href":"https:\/\/kingaenglishstudio.pl\/index.php\/wp-json\/wp\/v2\/pages\/586\/revisions\/1308"}],"up":[{"embeddable":true,"href":"https:\/\/kingaenglishstudio.pl\/index.php\/wp-json\/wp\/v2\/pages\/66"}],"wp:attachment":[{"href":"https:\/\/kingaenglishstudio.pl\/index.php\/wp-json\/wp\/v2\/media?parent=586"}],"curies":[{"name":"wp","href":"https:\/\/api.w.org\/{rel}","templated":true}]}}